{"id":141,"date":"2025-10-01T15:18:36","date_gmt":"2025-10-01T18:18:36","guid":{"rendered":"https:\/\/brafarquitetura.com.br\/?page_id=141"},"modified":"2026-02-05T16:03:54","modified_gmt":"2026-02-05T19:03:54","slug":"atuacao","status":"publish","type":"page","link":"https:\/\/brafarquitetura.com.br\/en\/atuacao\/","title":{"rendered":"Atua\u00e7\u00e3o &#8211; Site BRAF Arquitetura"},"content":{"rendered":"<div data-elementor-type=\"wp-page\" data-elementor-id=\"141\" class=\"elementor elementor-141\" data-elementor-post-type=\"page\">\n\t\t\t\t<div class=\"elementor-element elementor-element-8980551 e-flex e-con-boxed wpr-particle-no wpr-jarallax-no wpr-parallax-no wpr-sticky-section-no e-con e-parent\" data-id=\"8980551\" data-element_type=\"container\" data-e-type=\"container\">\n\t\t\t\t\t<div class=\"e-con-inner\">\n\t\t<div class=\"elementor-element elementor-element-1633646 e-con-full e-flex wpr-particle-no wpr-jarallax-no wpr-parallax-no wpr-sticky-section-no e-con e-child\" data-id=\"1633646\" data-element_type=\"container\" data-e-type=\"container\">\n\t\t<div class=\"elementor-element elementor-element-c396763 e-con-full e-flex wpr-particle-no wpr-jarallax-no wpr-parallax-no wpr-sticky-section-no e-con e-child\" data-id=\"c396763\" data-element_type=\"container\" data-e-type=\"container\">\n\t\t<div class=\"elementor-element elementor-element-5652ae5 e-con-full e-flex wpr-particle-no wpr-jarallax-no wpr-parallax-no wpr-sticky-section-no e-con e-child\" data-id=\"5652ae5\" data-element_type=\"container\" data-e-type=\"container\">\n\t\t\t\t<div class=\"elementor-element elementor-element-07876b2 elementor-widget elementor-widget-heading\" data-id=\"07876b2\" data-element_type=\"widget\" data-e-type=\"widget\" data-widget_type=\"heading.default\">\n\t\t\t\t<div class=\"elementor-widget-container\">\n\t\t\t\t\t<h2 class=\"elementor-heading-title elementor-size-default\">Expertise<\/h2>\t\t\t\t<\/div>\n\t\t\t\t<\/div>\n\t\t\t\t<\/div>\n\t\t\t\t<\/div>\n\t\t\t\t<div class=\"elementor-element elementor-element-f0ceee1 elementor-widget elementor-widget-text-editor\" data-id=\"f0ceee1\" data-element_type=\"widget\" data-e-type=\"widget\" data-widget_type=\"text-editor.default\">\n\t\t\t\t<div class=\"elementor-widget-container\">\n\t\t\t\t\t\t\t\t\t<p>BRAF Arquitetura specializes in designing projects for the industrial, corporate, institucional, residential  and healthcare sectors.<\/p><p>The firm is committed to delivering customized solutions that combine functionality, comfort, and efficiency, always respecting the unique needs of each client and context. With an integrated approach, the team oversees every stage of the process\u2014from concept to execution\u2014to ensure cohesive, high-quality results.<\/p><p>Guided by a strategic vision and attention to deadlines, budgets, and technical challenges, BRAF Arquitetura seeks to deliver projects that balance creativity and feasibility, creating a positive impact for clients, partners, and communities.<\/p>\t\t\t\t\t\t\t\t<\/div>\n\t\t\t\t<\/div>\n\t\t\t\t<\/div>\n\t\t<div class=\"elementor-element elementor-element-0b98056 e-con-full e-flex wpr-particle-no wpr-jarallax-no wpr-parallax-no wpr-sticky-section-no e-con e-child\" data-id=\"0b98056\" data-element_type=\"container\" data-e-type=\"container\">\n\t\t\t\t<div class=\"elementor-element elementor-element-956bf1b elementor-widget elementor-widget-gallery\" data-id=\"956bf1b\" data-element_type=\"widget\" data-e-type=\"widget\" data-settings=\"{&quot;columns&quot;:2,&quot;aspect_ratio&quot;:&quot;1:1&quot;,&quot;lazyload&quot;:&quot;yes&quot;,&quot;gallery_layout&quot;:&quot;grid&quot;,&quot;columns_tablet&quot;:2,&quot;columns_mobile&quot;:1,&quot;gap&quot;:{&quot;unit&quot;:&quot;px&quot;,&quot;size&quot;:10,&quot;sizes&quot;:[]},&quot;gap_widescreen&quot;:{&quot;unit&quot;:&quot;px&quot;,&quot;size&quot;:&quot;&quot;,&quot;sizes&quot;:[]},&quot;gap_laptop&quot;:{&quot;unit&quot;:&quot;px&quot;,&quot;size&quot;:10,&quot;sizes&quot;:[]},&quot;gap_tablet_extra&quot;:{&quot;unit&quot;:&quot;px&quot;,&quot;size&quot;:10,&quot;sizes&quot;:[]},&quot;gap_tablet&quot;:{&quot;unit&quot;:&quot;px&quot;,&quot;size&quot;:10,&quot;sizes&quot;:[]},&quot;gap_mobile_extra&quot;:{&quot;unit&quot;:&quot;px&quot;,&quot;size&quot;:10,&quot;sizes&quot;:[]},&quot;gap_mobile&quot;:{&quot;unit&quot;:&quot;px&quot;,&quot;size&quot;:10,&quot;sizes&quot;:[]},&quot;link_to&quot;:&quot;file&quot;,&quot;overlay_background&quot;:&quot;yes&quot;,&quot;content_hover_animation&quot;:&quot;fade-in&quot;}\" data-widget_type=\"gallery.default\">\n\t\t\t\t<div class=\"elementor-widget-container\">\n\t\t\t\t\t\t\t<div class=\"elementor-gallery__container\">\n\t\t\t\t\t\t\t<a class=\"e-gallery-item elementor-gallery-item elementor-animated-content\" href=\"https:\/\/brafarquitetura.com.br\/wp-content\/uploads\/2025\/10\/IMG_4908-edit.jpg\" data-elementor-open-lightbox=\"yes\" data-elementor-lightbox-slideshow=\"956bf1b\" data-elementor-lightbox-title=\"\u00c1rea de trabalho\" data-elementor-lightbox-description=\"Open Space Area\" data-e-action-hash=\"#elementor-action%3Aaction%3Dlightbox%26settings%3DeyJpZCI6MTMxOCwidXJsIjoiaHR0cHM6XC9cL2JyYWZhcnF1aXRldHVyYS5jb20uYnJcL3dwLWNvbnRlbnRcL3VwbG9hZHNcLzIwMjVcLzEwXC9JTUdfNDkwOC1lZGl0LmpwZyIsInNsaWRlc2hvdyI6Ijk1NmJmMWIifQ%3D%3D\">\n\t\t\t\t\t<div class=\"e-gallery-image elementor-gallery-item__image\" data-thumbnail=\"https:\/\/brafarquitetura.com.br\/wp-content\/uploads\/2025\/10\/IMG_4908-edit.jpg\" data-width=\"2048\" data-height=\"1536\" aria-label=\"\" role=\"img\" ><\/div>\n\t\t\t\t\t\t\t\t\t\t\t<div class=\"elementor-gallery-item__overlay\"><\/div>\n\t\t\t\t\t\t\t\t\t\t\t\t\t\t<\/a>\n\t\t\t\t\t\t\t<a class=\"e-gallery-item elementor-gallery-item elementor-animated-content\" href=\"https:\/\/brafarquitetura.com.br\/wp-content\/uploads\/2025\/10\/IMG_4896.jpg\" data-elementor-open-lightbox=\"yes\" data-elementor-lightbox-slideshow=\"956bf1b\" data-elementor-lightbox-title=\"Sala de Reuni\u00e3o\" data-elementor-lightbox-description=\"Meeting Room\" data-e-action-hash=\"#elementor-action%3Aaction%3Dlightbox%26settings%3DeyJpZCI6MTMxOSwidXJsIjoiaHR0cHM6XC9cL2JyYWZhcnF1aXRldHVyYS5jb20uYnJcL3dwLWNvbnRlbnRcL3VwbG9hZHNcLzIwMjVcLzEwXC9JTUdfNDg5Ni5qcGciLCJzbGlkZXNob3ciOiI5NTZiZjFiIn0%3D\">\n\t\t\t\t\t<div class=\"e-gallery-image elementor-gallery-item__image\" data-thumbnail=\"https:\/\/brafarquitetura.com.br\/wp-content\/uploads\/2025\/10\/IMG_4896.jpg\" data-width=\"2048\" data-height=\"1536\" aria-label=\"\" role=\"img\" ><\/div>\n\t\t\t\t\t\t\t\t\t\t\t<div class=\"elementor-gallery-item__overlay\"><\/div>\n\t\t\t\t\t\t\t\t\t\t\t\t\t\t<\/a>\n\t\t\t\t\t<\/div>\n\t\t\t\t\t<\/div>\n\t\t\t\t<\/div>\n\t\t\t\t<\/div>\n\t\t\t\t\t<\/div>\n\t\t\t\t<\/div>\n\t\t\t\t<\/div>","protected":false},"excerpt":{"rendered":"<p>Atua\u00e7\u00e3o A BRAF Arquitetura \u00e9 especializada na elabora\u00e7\u00e3o de projetos arquitet\u00f4nicos para os segmentos industrial, corporativo, institucional, residencial e de sa\u00fade. Nosso compromisso \u00e9 desenvolver solu\u00e7\u00f5es personalizadas que unam funcionalidade, conforto e efici\u00eancia, respeitando as necessidades espec\u00edficas de cada cliente e contexto. Trabalhamos com uma abordagem integrada, acompanhando todas as etapas do projeto \u2014 da concep\u00e7\u00e3o \u00e0 execu\u00e7\u00e3o \u2014 para garantir resultados consistentes e de qualidade. Com vis\u00e3o estrat\u00e9gica e aten\u00e7\u00e3o a prazos, or\u00e7amentos e desafios t\u00e9cnicos, buscamos entregar projetos que aliem criatividade, viabilidade e impacto positivo para clientes, parceiros e comunidades.<\/p>","protected":false},"author":1,"featured_media":0,"parent":0,"menu_order":0,"comment_status":"closed","ping_status":"closed","template":"elementor_header_footer","meta":{"footnotes":""},"class_list":["post-141","page","type-page","status-publish","hentry"],"_links":{"self":[{"href":"https:\/\/brafarquitetura.com.br\/en\/wp-json\/wp\/v2\/pages\/141","targetHints":{"allow":["GET"]}}],"collection":[{"href":"https:\/\/brafarquitetura.com.br\/en\/wp-json\/wp\/v2\/pages"}],"about":[{"href":"https:\/\/brafarquitetura.com.br\/en\/wp-json\/wp\/v2\/types\/page"}],"author":[{"embeddable":true,"href":"https:\/\/brafarquitetura.com.br\/en\/wp-json\/wp\/v2\/users\/1"}],"replies":[{"embeddable":true,"href":"https:\/\/brafarquitetura.com.br\/en\/wp-json\/wp\/v2\/comments?post=141"}],"version-history":[{"count":41,"href":"https:\/\/brafarquitetura.com.br\/en\/wp-json\/wp\/v2\/pages\/141\/revisions"}],"predecessor-version":[{"id":1655,"href":"https:\/\/brafarquitetura.com.br\/en\/wp-json\/wp\/v2\/pages\/141\/revisions\/1655"}],"wp:attachment":[{"href":"https:\/\/brafarquitetura.com.br\/en\/wp-json\/wp\/v2\/media?parent=141"}],"curies":[{"name":"wp","href":"https:\/\/api.w.org\/{rel}","templated":true}]}}