{"id":139,"date":"2025-09-29T15:42:40","date_gmt":"2025-09-29T18:42:40","guid":{"rendered":"https:\/\/brafarquitetura.com.br\/?page_id=139"},"modified":"2026-02-05T16:02:25","modified_gmt":"2026-02-05T19:02:25","slug":"lideranca","status":"publish","type":"page","link":"https:\/\/brafarquitetura.com.br\/en\/lideranca\/","title":{"rendered":"Lideran\u00e7a &#8211; Site BRAF Arquitetura"},"content":{"rendered":"<div data-elementor-type=\"wp-page\" data-elementor-id=\"139\" class=\"elementor elementor-139\" data-elementor-post-type=\"page\">\n\t\t\t\t<div class=\"elementor-element elementor-element-5006885 e-flex e-con-boxed wpr-particle-no wpr-jarallax-no wpr-parallax-no wpr-sticky-section-no e-con e-parent\" data-id=\"5006885\" data-element_type=\"container\" data-e-type=\"container\">\n\t\t\t\t\t<div class=\"e-con-inner\">\n\t\t<div class=\"elementor-element elementor-element-8f0915d e-con-full e-flex wpr-particle-no wpr-jarallax-no wpr-parallax-no wpr-sticky-section-no e-con e-child\" data-id=\"8f0915d\" data-element_type=\"container\" data-e-type=\"container\">\n\t\t<div class=\"elementor-element elementor-element-80890e7 e-con-full e-flex wpr-particle-no wpr-jarallax-no wpr-parallax-no wpr-sticky-section-no e-con e-child\" data-id=\"80890e7\" data-element_type=\"container\" data-e-type=\"container\">\n\t\t<div class=\"elementor-element elementor-element-b049eda e-con-full e-flex wpr-particle-no wpr-jarallax-no wpr-parallax-no wpr-sticky-section-no e-con e-child\" data-id=\"b049eda\" data-element_type=\"container\" data-e-type=\"container\">\n\t\t\t\t<div class=\"elementor-element elementor-element-ea0f6df elementor-widget elementor-widget-heading\" data-id=\"ea0f6df\" data-element_type=\"widget\" data-e-type=\"widget\" data-widget_type=\"heading.default\">\n\t\t\t\t<div class=\"elementor-widget-container\">\n\t\t\t\t\t<h2 class=\"elementor-heading-title elementor-size-default\">Leadership<\/h2>\t\t\t\t<\/div>\n\t\t\t\t<\/div>\n\t\t\t\t<\/div>\n\t\t\t\t<\/div>\n\t\t\t\t<div class=\"elementor-element elementor-element-353cb14 elementor-widget elementor-widget-text-editor\" data-id=\"353cb14\" data-element_type=\"widget\" data-e-type=\"widget\" data-widget_type=\"text-editor.default\">\n\t\t\t\t<div class=\"elementor-widget-container\">\n\t\t\t\t\t\t\t\t\t<p>Bianca Rubim is an architect and urban planner who graduated from the Federal University of Rio de Janeiro in 2005, with an additional specialization in Architecture for Healthcare Environments from the same institution in 2007. She works primarily in commercial, corporate, and industrial architecture, creating feasibility studies, conceptual designs, legal permits, and construction drawings for office buildings and industrial facilities. Her experience in interior design covers every stage of a project, from concept to completion.<br \/>Among her standout works is the project for GB Armaz\u00e9ns Gerais, a leading company in industrial condominiums in Rio de Janeiro, with more than 310,000 m\u00b2 of planned built area.<br \/>She has participated in exhibitions such as Casa Cor 2005, in collaboration with other professionals, and earned recognition through awards like \u201cUm Sonho de Banheiro \u2013 Deca\u201d (2005) and an Honorable Mention at the 46th Annual Architects Awards (2008) in the Commercial, Industrial, and Institutional category, for the Cargo Center Washington Luiz II Warehouse Condominium.<br \/>From 2007 to 2023, she was a partner at Stilo Arquitetura, focusing on project development and construction supervision.<\/p><p>In 2023, she founded BRAF Arquitetura, consolidating her professional trajectory through a structured and strategic approach to market positioning. Under her leadership, the firm manages all stages of the project lifecycle \u2014 from feasibility analysis to construction execution \u2014 including the preparation of bidding documents  and the assessment of technical criteria for contractor selection, ensuring full alignment with the project\u2019s guiding principles and parameters.<\/p>\t\t\t\t\t\t\t\t<\/div>\n\t\t\t\t<\/div>\n\t\t\t\t<\/div>\n\t\t<div class=\"elementor-element elementor-element-7577bc9 e-con-full e-flex wpr-particle-no wpr-jarallax-no wpr-parallax-no wpr-sticky-section-no e-con e-child\" data-id=\"7577bc9\" data-element_type=\"container\" data-e-type=\"container\">\n\t\t\t\t<div class=\"elementor-element elementor-element-08aad14 elementor-widget elementor-widget-image\" data-id=\"08aad14\" data-element_type=\"widget\" data-e-type=\"widget\" data-widget_type=\"image.default\">\n\t\t\t\t<div class=\"elementor-widget-container\">\n\t\t\t\t\t\t\t\t\t\t\t\t\t\t\t<img fetchpriority=\"high\" decoding=\"async\" width=\"800\" height=\"800\" src=\"https:\/\/brafarquitetura.com.br\/wp-content\/uploads\/2025\/10\/Design-sem-nome-38.png\" class=\"attachment-large size-large wp-image-549\" alt=\"\" srcset=\"https:\/\/brafarquitetura.com.br\/wp-content\/uploads\/2025\/10\/Design-sem-nome-38.png 1024w, https:\/\/brafarquitetura.com.br\/wp-content\/uploads\/2025\/10\/Design-sem-nome-38-300x300.png 300w, https:\/\/brafarquitetura.com.br\/wp-content\/uploads\/2025\/10\/Design-sem-nome-38-150x150.png 150w, https:\/\/brafarquitetura.com.br\/wp-content\/uploads\/2025\/10\/Design-sem-nome-38-768x768.png 768w\" sizes=\"(max-width: 800px) 100vw, 800px\" \/>\t\t\t\t\t\t\t\t\t\t\t\t\t\t\t<\/div>\n\t\t\t\t<\/div>\n\t\t\t\t<\/div>\n\t\t\t\t\t<\/div>\n\t\t\t\t<\/div>\n\t\t\t\t<\/div>","protected":false},"excerpt":{"rendered":"<p>Lideran\u00e7a Bianca Rubim \u00e9 arquiteta e urbanista formada pela Universidade Federal do Rio de Janeiro (2005), com especializa\u00e7\u00e3o em Arquitetura para Ambientes de Sa\u00fade pela mesma institui\u00e7\u00e3o (2007). Atua com destaque nas \u00e1reas de Arquitetura Comercial, Corporativa e Industrial, desenvolvendo Estudos de Implanta\u00e7\u00e3o, Estudos Preliminares, Projetos para Aprova\u00e7\u00e3o e Projetos Executivos de galp\u00f5es industriais e edif\u00edcios de escrit\u00f3rios. Tamb\u00e9m possui ampla experi\u00eancia em projetos de interiores, acompanhando desde a concep\u00e7\u00e3o at\u00e9 a execu\u00e7\u00e3o da obra.Entre os projetos desenvolvidos, destaca-se o trabalho para a GB Armaz\u00e9ns Gerais, empresa refer\u00eancia em condom\u00ednios industriais no estado do Rio de Janeiro, com mais de 310.000 m\u00b2 de \u00e1rea constru\u00edda projetada.Participou de mostras como a Casa Cor 2005, em parceria com outros profissionais, e foi reconhecida com pr\u00eamios como o \u201cUm Sonho de Banheiro \u2013 Deca\u201d (2005) e a Men\u00e7\u00e3o Honrosa na 46\u00aa Premia\u00e7\u00e3o Anual de Arquitetos (2008), na categoria Comercial, Industrial e Institucional, com o projeto do Condom\u00ednio de Armaz\u00e9ns Cargo Center Washington Luiz II.Foi s\u00f3cia da Stilo Arquitetura entre 2007 e 2023, per\u00edodo em que atuou no desenvolvimento de projetos e no acompanhamento de obras. Em 2023, fundou a\u00a0BRAF Arquitetura, consolidando sua trajet\u00f3ria profissional com uma proposta estruturada de atua\u00e7\u00e3o no mercado. Sob sua lideran\u00e7a, o escrit\u00f3rio conduz todas as etapas do processo \u2014 da an\u00e1lise de viabilidade \u00e0 execu\u00e7\u00e3o da obra \u2014 incluindo a elabora\u00e7\u00e3o de editais de concorr\u00eancia e a avalia\u00e7\u00e3o de crit\u00e9rios t\u00e9cnicos para sele\u00e7\u00e3o das construtoras, garantindo o pleno atendimento \u00e0s premissas e diretrizes de projeto.<\/p>","protected":false},"author":1,"featured_media":0,"parent":0,"menu_order":0,"comment_status":"closed","ping_status":"closed","template":"elementor_header_footer","meta":{"footnotes":""},"class_list":["post-139","page","type-page","status-publish","hentry"],"_links":{"self":[{"href":"https:\/\/brafarquitetura.com.br\/en\/wp-json\/wp\/v2\/pages\/139","targetHints":{"allow":["GET"]}}],"collection":[{"href":"https:\/\/brafarquitetura.com.br\/en\/wp-json\/wp\/v2\/pages"}],"about":[{"href":"https:\/\/brafarquitetura.com.br\/en\/wp-json\/wp\/v2\/types\/page"}],"author":[{"embeddable":true,"href":"https:\/\/brafarquitetura.com.br\/en\/wp-json\/wp\/v2\/users\/1"}],"replies":[{"embeddable":true,"href":"https:\/\/brafarquitetura.com.br\/en\/wp-json\/wp\/v2\/comments?post=139"}],"version-history":[{"count":63,"href":"https:\/\/brafarquitetura.com.br\/en\/wp-json\/wp\/v2\/pages\/139\/revisions"}],"predecessor-version":[{"id":1652,"href":"https:\/\/brafarquitetura.com.br\/en\/wp-json\/wp\/v2\/pages\/139\/revisions\/1652"}],"wp:attachment":[{"href":"https:\/\/brafarquitetura.com.br\/en\/wp-json\/wp\/v2\/media?parent=139"}],"curies":[{"name":"wp","href":"https:\/\/api.w.org\/{rel}","templated":true}]}}